{"id":16,"date":"2021-10-12T22:09:40","date_gmt":"2021-10-12T20:09:40","guid":{"rendered":"https:\/\/coachingalex.ch\/?page_id=16"},"modified":"2025-05-25T15:23:37","modified_gmt":"2025-05-25T13:23:37","slug":"ueber-mich","status":"publish","type":"page","link":"https:\/\/coachingalex.ch\/?page_id=16","title":{"rendered":"\u00dcber mich"},"content":{"rendered":"\t\t<div data-elementor-type=\"wp-page\" data-elementor-id=\"16\" class=\"elementor elementor-16\">\n\t\t\t\t\t\t<section class=\"elementor-section elementor-top-section elementor-element elementor-element-9a0a93a elementor-section-boxed elementor-section-height-default elementor-section-height-default\" data-id=\"9a0a93a\" data-element_type=\"section\">\n\t\t\t\t\t\t<div class=\"elementor-container elementor-column-gap-default\">\n\t\t\t\t\t<div class=\"elementor-column elementor-col-100 elementor-top-column elementor-element elementor-element-5f2158f\" data-id=\"5f2158f\" data-element_type=\"column\">\n\t\t\t<div class=\"elementor-widget-wrap elementor-element-populated\">\n\t\t\t\t\t\t<div class=\"elementor-element elementor-element-9a3104c elementor-widget elementor-widget-spacer\" data-id=\"9a3104c\" data-element_type=\"widget\" data-widget_type=\"spacer.default\">\n\t\t\t\t<div class=\"elementor-widget-container\">\n\t\t\t\t\t\t\t<div class=\"elementor-spacer\">\n\t\t\t<div class=\"elementor-spacer-inner\"><\/div>\n\t\t<\/div>\n\t\t\t\t\t\t<\/div>\n\t\t\t\t<\/div>\n\t\t\t\t\t<\/div>\n\t\t<\/div>\n\t\t\t\t\t<\/div>\n\t\t<\/section>\n\t\t\t\t<section class=\"elementor-section elementor-top-section elementor-element elementor-element-f346ece elementor-section-boxed elementor-section-height-default elementor-section-height-default\" data-id=\"f346ece\" data-element_type=\"section\">\n\t\t\t\t\t\t<div class=\"elementor-container elementor-column-gap-default\">\n\t\t\t\t\t<div class=\"elementor-column elementor-col-100 elementor-top-column elementor-element elementor-element-6f8751e\" data-id=\"6f8751e\" data-element_type=\"column\">\n\t\t\t<div class=\"elementor-widget-wrap elementor-element-populated\">\n\t\t\t\t\t\t<div class=\"elementor-element elementor-element-f70630d elementor-widget elementor-widget-text-editor\" data-id=\"f70630d\" data-element_type=\"widget\" data-widget_type=\"text-editor.default\">\n\t\t\t\t<div class=\"elementor-widget-container\">\n\t\t\t\t\t\t\t\t\t<p>\u00dcber mich<\/p>\t\t\t\t\t\t\t\t<\/div>\n\t\t\t\t<\/div>\n\t\t\t\t\t<\/div>\n\t\t<\/div>\n\t\t\t\t\t<\/div>\n\t\t<\/section>\n\t\t\t\t<section class=\"elementor-section elementor-top-section elementor-element elementor-element-6d20b31 elementor-section-boxed elementor-section-height-default elementor-section-height-default\" data-id=\"6d20b31\" data-element_type=\"section\">\n\t\t\t\t\t\t<div class=\"elementor-container elementor-column-gap-default\">\n\t\t\t\t\t<div class=\"elementor-column elementor-col-100 elementor-top-column elementor-element elementor-element-366ddcf\" data-id=\"366ddcf\" data-element_type=\"column\">\n\t\t\t<div class=\"elementor-widget-wrap elementor-element-populated\">\n\t\t\t\t\t\t<div class=\"elementor-element elementor-element-5326841 elementor-invisible elementor-widget elementor-widget-image\" data-id=\"5326841\" data-element_type=\"widget\" data-settings=\"{&quot;_animation&quot;:&quot;zoomIn&quot;}\" data-widget_type=\"image.default\">\n\t\t\t\t<div class=\"elementor-widget-container\">\n\t\t\t\t\t\t\t\t\t\t\t\t\t\t\t<img decoding=\"async\" src=\"https:\/\/coachingalex.ch\/wp-content\/uploads\/elementor\/thumbs\/AK-web-5-po1jznfz1iwy7zwjkjo2zgnr5aaty7avaoc6nux4gk.jpg\" title=\"AK-web-5\" alt=\"AK-web-5\" loading=\"lazy\" \/>\t\t\t\t\t\t\t\t\t\t\t\t\t\t\t<\/div>\n\t\t\t\t<\/div>\n\t\t\t\t\t<\/div>\n\t\t<\/div>\n\t\t\t\t\t<\/div>\n\t\t<\/section>\n\t\t\t\t<section class=\"elementor-section elementor-top-section elementor-element elementor-element-955b7cc elementor-section-boxed elementor-section-height-default elementor-section-height-default\" data-id=\"955b7cc\" data-element_type=\"section\">\n\t\t\t\t\t\t<div class=\"elementor-container elementor-column-gap-default\">\n\t\t\t\t\t<div class=\"elementor-column elementor-col-100 elementor-top-column elementor-element elementor-element-8ce306c\" data-id=\"8ce306c\" data-element_type=\"column\">\n\t\t\t<div class=\"elementor-widget-wrap elementor-element-populated\">\n\t\t\t\t\t\t<div class=\"elementor-element elementor-element-7f47249 elementor-widget elementor-widget-spacer\" data-id=\"7f47249\" data-element_type=\"widget\" data-widget_type=\"spacer.default\">\n\t\t\t\t<div class=\"elementor-widget-container\">\n\t\t\t\t\t\t\t<div class=\"elementor-spacer\">\n\t\t\t<div class=\"elementor-spacer-inner\"><\/div>\n\t\t<\/div>\n\t\t\t\t\t\t<\/div>\n\t\t\t\t<\/div>\n\t\t\t\t\t<\/div>\n\t\t<\/div>\n\t\t\t\t\t<\/div>\n\t\t<\/section>\n\t\t\t\t<section class=\"elementor-section elementor-top-section elementor-element elementor-element-61219b7 elementor-section-boxed elementor-section-height-default elementor-section-height-default\" data-id=\"61219b7\" data-element_type=\"section\">\n\t\t\t\t\t\t<div class=\"elementor-container elementor-column-gap-default\">\n\t\t\t\t\t<div class=\"elementor-column elementor-col-100 elementor-top-column elementor-element elementor-element-4b6057b\" data-id=\"4b6057b\" data-element_type=\"column\">\n\t\t\t<div class=\"elementor-widget-wrap elementor-element-populated\">\n\t\t\t\t\t\t<div class=\"elementor-element elementor-element-a05aff1 elementor-invisible elementor-widget elementor-widget-text-editor\" data-id=\"a05aff1\" data-element_type=\"widget\" data-settings=\"{&quot;_animation&quot;:&quot;bounceIn&quot;}\" data-widget_type=\"text-editor.default\">\n\t\t\t\t<div class=\"elementor-widget-container\">\n\t\t\t\t\t\t\t\t\t<div class=\"wp-block-image\"><figure class=\"aligncenter size-full is-resized\"><strong>Mein Lebensmotto:<\/strong><p>Das bestm\u00f6gliche aus jeder Situation herausholen.<\/p><\/figure><\/div>\t\t\t\t\t\t\t\t<\/div>\n\t\t\t\t<\/div>\n\t\t\t\t\t<\/div>\n\t\t<\/div>\n\t\t\t\t\t<\/div>\n\t\t<\/section>\n\t\t\t\t<section class=\"elementor-section elementor-top-section elementor-element elementor-element-37cf0e2 elementor-section-boxed elementor-section-height-default elementor-section-height-default\" data-id=\"37cf0e2\" data-element_type=\"section\">\n\t\t\t\t\t\t<div class=\"elementor-container elementor-column-gap-default\">\n\t\t\t\t\t<div class=\"elementor-column elementor-col-100 elementor-top-column elementor-element elementor-element-4610135\" data-id=\"4610135\" data-element_type=\"column\">\n\t\t\t<div class=\"elementor-widget-wrap elementor-element-populated\">\n\t\t\t\t\t\t<div class=\"elementor-element elementor-element-6d07403 elementor-widget elementor-widget-text-editor\" data-id=\"6d07403\" data-element_type=\"widget\" data-widget_type=\"text-editor.default\">\n\t\t\t\t<div class=\"elementor-widget-container\">\n\t\t\t\t\t\t\t\t\t<div class=\"wp-block-image\"><figure class=\"aligncenter size-full is-resized\">Mein Name ist Alexandra Kunz, ich bin als j\u00fcngstes von drei Kindern in der wundersch\u00f6nen Region Thun aufgewachsen und geblieben.<br \/>Ich bin verheiratet. Velofahren, Wandern, Skifahren und Reisen bereichern meinen Alltag.<p>Schon fr\u00fch musste ich lernen mit verschiedenen Charakteren umzugehen,<\/p><p>da ich in einem Kleinbetrieb aufgewachsen bin und die Lehrlinge jeweils bei uns gewohnt haben.<\/p><p>Ich bringe die n\u00f6tige Geduld, Zeit und Verst\u00e4ndnis f\u00fcr jede Pers\u00f6nlichkeit auf.<\/p><p>Meine Motivation als Coach t\u00e4tig zu sein beruht darauf, meinen Kunden auf neuen Lebenswegen zu begleiten. Ich habe selber aus herausfordernden Lebenssituationen gelernt damit umzugehen, da war es hilfreich, die Situationen aus der Sicht eines Adlers (Gesamt\u00fcberblick) zu betrachten.<\/p><p>Zu meinen St\u00e4rken geh\u00f6rt auch der Umgang mit unvorhergesehenen Situationen.<\/p><p><strong>Meine Ausbildungen:<\/strong><\/p><p>Betriebliche Mentorin PLI seit Februar 2024<\/p><p>Dipl. Coach PLI seit August 2021<\/p><p>Fachfrau Betreuung Kind (FaBeK) 2017 \u2013 2019<\/p><p>Spielgruppenleiterin 2004 \u2013 2005<\/p><p>Sachbearbeiterin Rechnungswesen 2000 \u2013 2002<\/p><p>Kauffrau (Treuhand &amp; Immobilien) 1996 \u2013 1999<\/p><\/figure><\/div>\t\t\t\t\t\t\t\t<\/div>\n\t\t\t\t<\/div>\n\t\t\t\t\t<\/div>\n\t\t<\/div>\n\t\t\t\t\t<\/div>\n\t\t<\/section>\n\t\t\t\t<section class=\"elementor-section elementor-top-section elementor-element elementor-element-6ec58d6 elementor-section-boxed elementor-section-height-default elementor-section-height-default\" data-id=\"6ec58d6\" data-element_type=\"section\">\n\t\t\t\t\t\t<div class=\"elementor-container elementor-column-gap-default\">\n\t\t\t\t\t<div class=\"elementor-column elementor-col-100 elementor-top-column elementor-element elementor-element-a663381\" data-id=\"a663381\" data-element_type=\"column\">\n\t\t\t<div class=\"elementor-widget-wrap elementor-element-populated\">\n\t\t\t\t\t\t<div class=\"elementor-element elementor-element-b94374e elementor-widget elementor-widget-spacer\" data-id=\"b94374e\" data-element_type=\"widget\" data-widget_type=\"spacer.default\">\n\t\t\t\t<div class=\"elementor-widget-container\">\n\t\t\t\t\t\t\t<div class=\"elementor-spacer\">\n\t\t\t<div class=\"elementor-spacer-inner\"><\/div>\n\t\t<\/div>\n\t\t\t\t\t\t<\/div>\n\t\t\t\t<\/div>\n\t\t\t\t\t<\/div>\n\t\t<\/div>\n\t\t\t\t\t<\/div>\n\t\t<\/section>\n\t\t\t\t<\/div>\n\t\t","protected":false},"excerpt":{"rendered":"<p>\u00dcber mich Mein Lebensmotto: Das bestm\u00f6gliche aus jeder Situation herausholen. Mein Name ist Alexandra Kunz, ich bin als j\u00fcngstes von drei Kindern in der wundersch\u00f6nen Region Thun aufgewachsen und geblieben.Ich bin verheiratet. Velofahren, Wandern, Skifahren und Reisen bereichern meinen Alltag. Schon fr\u00fch musste ich lernen mit verschiedenen Charakteren umzugehen, da ich in einem Kleinbetrieb aufgewachsen&hellip;&nbsp;<a href=\"https:\/\/coachingalex.ch\/?page_id=16\" rel=\"bookmark\">Weiterlesen &raquo;<span class=\"screen-reader-text\">\u00dcber mich<\/span><\/a><\/p>\n","protected":false},"author":3,"featured_media":0,"parent":0,"menu_order":2,"comment_status":"closed","ping_status":"closed","template":"","meta":{"neve_meta_sidebar":"","neve_meta_container":"","neve_meta_enable_content_width":"","neve_meta_content_width":0,"neve_meta_title_alignment":"center","neve_meta_author_avatar":"","neve_post_elements_order":"","neve_meta_disable_header":"","neve_meta_disable_footer":"","neve_meta_disable_title":"on","footnotes":""},"class_list":["post-16","page","type-page","status-publish","hentry"],"_links":{"self":[{"href":"https:\/\/coachingalex.ch\/index.php?rest_route=\/wp\/v2\/pages\/16","targetHints":{"allow":["GET"]}}],"collection":[{"href":"https:\/\/coachingalex.ch\/index.php?rest_route=\/wp\/v2\/pages"}],"about":[{"href":"https:\/\/coachingalex.ch\/index.php?rest_route=\/wp\/v2\/types\/page"}],"author":[{"embeddable":true,"href":"https:\/\/coachingalex.ch\/index.php?rest_route=\/wp\/v2\/users\/3"}],"replies":[{"embeddable":true,"href":"https:\/\/coachingalex.ch\/index.php?rest_route=%2Fwp%2Fv2%2Fcomments&post=16"}],"version-history":[{"count":165,"href":"https:\/\/coachingalex.ch\/index.php?rest_route=\/wp\/v2\/pages\/16\/revisions"}],"predecessor-version":[{"id":1031,"href":"https:\/\/coachingalex.ch\/index.php?rest_route=\/wp\/v2\/pages\/16\/revisions\/1031"}],"wp:attachment":[{"href":"https:\/\/coachingalex.ch\/index.php?rest_route=%2Fwp%2Fv2%2Fmedia&parent=16"}],"curies":[{"name":"wp","href":"https:\/\/api.w.org\/{rel}","templated":true}]}}