{"id":763,"date":"2024-02-09T14:30:27","date_gmt":"2024-02-09T13:30:27","guid":{"rendered":"https:\/\/coachingalex.ch\/?page_id=763"},"modified":"2025-02-20T20:20:58","modified_gmt":"2025-02-20T19:20:58","slug":"angebot-jungeerwachsene","status":"publish","type":"page","link":"https:\/\/coachingalex.ch\/?page_id=763","title":{"rendered":"Angebot Junge Erwachsene"},"content":{"rendered":"\t\t<div data-elementor-type=\"wp-page\" data-elementor-id=\"763\" class=\"elementor elementor-763\">\n\t\t\t\t\t\t<section class=\"elementor-section elementor-top-section elementor-element elementor-element-dcca34f elementor-section-boxed elementor-section-height-default elementor-section-height-default\" data-id=\"dcca34f\" data-element_type=\"section\">\n\t\t\t\t\t\t<div class=\"elementor-container elementor-column-gap-default\">\n\t\t\t\t\t<div class=\"elementor-column elementor-col-100 elementor-top-column elementor-element elementor-element-af8361c\" data-id=\"af8361c\" data-element_type=\"column\">\n\t\t\t<div class=\"elementor-widget-wrap elementor-element-populated\">\n\t\t\t\t\t\t<div class=\"elementor-element elementor-element-5428e6e elementor-widget elementor-widget-spacer\" data-id=\"5428e6e\" data-element_type=\"widget\" data-widget_type=\"spacer.default\">\n\t\t\t\t<div class=\"elementor-widget-container\">\n\t\t\t\t\t\t\t<div class=\"elementor-spacer\">\n\t\t\t<div class=\"elementor-spacer-inner\"><\/div>\n\t\t<\/div>\n\t\t\t\t\t\t<\/div>\n\t\t\t\t<\/div>\n\t\t\t\t\t<\/div>\n\t\t<\/div>\n\t\t\t\t\t<\/div>\n\t\t<\/section>\n\t\t\t\t<section class=\"elementor-section elementor-top-section elementor-element elementor-element-6a63cf2 elementor-section-boxed elementor-section-height-default elementor-section-height-default\" data-id=\"6a63cf2\" data-element_type=\"section\">\n\t\t\t\t\t\t<div class=\"elementor-container elementor-column-gap-default\">\n\t\t\t\t\t<div class=\"elementor-column elementor-col-100 elementor-top-column elementor-element elementor-element-3bf11a3\" data-id=\"3bf11a3\" data-element_type=\"column\">\n\t\t\t<div class=\"elementor-widget-wrap elementor-element-populated\">\n\t\t\t\t\t\t<div class=\"elementor-element elementor-element-4668ed5 elementor-widget elementor-widget-text-editor\" data-id=\"4668ed5\" data-element_type=\"widget\" data-widget_type=\"text-editor.default\">\n\t\t\t\t<div class=\"elementor-widget-container\">\n\t\t\t\t\t\t\t\t\t<p>Coaching | Angebot Junge Erwachsene<\/p>\t\t\t\t\t\t\t\t<\/div>\n\t\t\t\t<\/div>\n\t\t\t\t\t<\/div>\n\t\t<\/div>\n\t\t\t\t\t<\/div>\n\t\t<\/section>\n\t\t\t\t<section class=\"elementor-section elementor-top-section elementor-element elementor-element-eecea78 elementor-section-boxed elementor-section-height-default elementor-section-height-default\" data-id=\"eecea78\" data-element_type=\"section\">\n\t\t\t\t\t\t<div class=\"elementor-container elementor-column-gap-default\">\n\t\t\t\t\t<div class=\"elementor-column elementor-col-100 elementor-top-column elementor-element elementor-element-e00e1b6\" data-id=\"e00e1b6\" data-element_type=\"column\">\n\t\t\t<div class=\"elementor-widget-wrap elementor-element-populated\">\n\t\t\t\t\t\t<div class=\"elementor-element elementor-element-58ed8ea elementor-widget elementor-widget-text-editor\" data-id=\"58ed8ea\" data-element_type=\"widget\" data-widget_type=\"text-editor.default\">\n\t\t\t\t<div class=\"elementor-widget-container\">\n\t\t\t\t\t\t\t\t\tDer Adler steht symbolisch f\u00fcr einen neuen Blickwinkel von oben, der uns hilft, ein Gesamtbild zu erhalten.\t\t\t\t\t\t\t\t<\/div>\n\t\t\t\t<\/div>\n\t\t\t\t\t<\/div>\n\t\t<\/div>\n\t\t\t\t\t<\/div>\n\t\t<\/section>\n\t\t\t\t<section class=\"elementor-section elementor-top-section elementor-element elementor-element-3c2b5ba elementor-section-boxed elementor-section-height-default elementor-section-height-default\" data-id=\"3c2b5ba\" data-element_type=\"section\">\n\t\t\t\t\t\t<div class=\"elementor-container elementor-column-gap-default\">\n\t\t\t\t\t<div class=\"elementor-column elementor-col-100 elementor-top-column elementor-element elementor-element-cd5d085\" data-id=\"cd5d085\" data-element_type=\"column\">\n\t\t\t<div class=\"elementor-widget-wrap elementor-element-populated\">\n\t\t\t\t\t\t<div class=\"elementor-element elementor-element-b15e288 elementor-widget-divider--view-line elementor-widget elementor-widget-divider\" data-id=\"b15e288\" data-element_type=\"widget\" data-widget_type=\"divider.default\">\n\t\t\t\t<div class=\"elementor-widget-container\">\n\t\t\t\t\t\t\t<div class=\"elementor-divider\">\n\t\t\t<span class=\"elementor-divider-separator\">\n\t\t\t\t\t\t<\/span>\n\t\t<\/div>\n\t\t\t\t\t\t<\/div>\n\t\t\t\t<\/div>\n\t\t\t\t\t<\/div>\n\t\t<\/div>\n\t\t\t\t\t<\/div>\n\t\t<\/section>\n\t\t\t\t<section class=\"elementor-section elementor-top-section elementor-element elementor-element-5ef540b elementor-section-boxed elementor-section-height-default elementor-section-height-default\" data-id=\"5ef540b\" data-element_type=\"section\">\n\t\t\t\t\t\t<div class=\"elementor-container elementor-column-gap-default\">\n\t\t\t\t\t<div class=\"elementor-column elementor-col-100 elementor-top-column elementor-element elementor-element-4cc4348\" data-id=\"4cc4348\" data-element_type=\"column\">\n\t\t\t<div class=\"elementor-widget-wrap elementor-element-populated\">\n\t\t\t\t\t\t<div class=\"elementor-element elementor-element-57f2748 elementor-widget elementor-widget-text-editor\" data-id=\"57f2748\" data-element_type=\"widget\" data-widget_type=\"text-editor.default\">\n\t\t\t\t<div class=\"elementor-widget-container\">\n\t\t\t\t\t\t\t\t\t<p>Hast du Stress am Arbeitsplatz?<br \/><br \/>Hast du M\u00fche mit Anforderungen, die an dich gestellt werden?<br \/><br \/>Brauchst du Hilfe bei Bewerbungen oder Vorstellungsgespr\u00e4chen?<br \/><br \/>Brauchst du neue Impulse in Beziehungsfragen und Ver\u00e4nderungsprozessen?<\/p>\t\t\t\t\t\t\t\t<\/div>\n\t\t\t\t<\/div>\n\t\t\t\t\t<\/div>\n\t\t<\/div>\n\t\t\t\t\t<\/div>\n\t\t<\/section>\n\t\t\t\t<section class=\"elementor-section elementor-top-section elementor-element elementor-element-25e0ed5 elementor-section-boxed elementor-section-height-default elementor-section-height-default\" data-id=\"25e0ed5\" data-element_type=\"section\">\n\t\t\t\t\t\t<div class=\"elementor-container elementor-column-gap-default\">\n\t\t\t\t\t<div class=\"elementor-column elementor-col-100 elementor-top-column elementor-element elementor-element-ac289dd\" data-id=\"ac289dd\" data-element_type=\"column\">\n\t\t\t<div class=\"elementor-widget-wrap elementor-element-populated\">\n\t\t\t\t\t\t<div class=\"elementor-element elementor-element-ee3c98c elementor-widget elementor-widget-spacer\" data-id=\"ee3c98c\" data-element_type=\"widget\" data-widget_type=\"spacer.default\">\n\t\t\t\t<div class=\"elementor-widget-container\">\n\t\t\t\t\t\t\t<div class=\"elementor-spacer\">\n\t\t\t<div class=\"elementor-spacer-inner\"><\/div>\n\t\t<\/div>\n\t\t\t\t\t\t<\/div>\n\t\t\t\t<\/div>\n\t\t\t\t\t<\/div>\n\t\t<\/div>\n\t\t\t\t\t<\/div>\n\t\t<\/section>\n\t\t\t\t<\/div>\n\t\t","protected":false},"excerpt":{"rendered":"<p>Coaching | Angebot Junge Erwachsene Der Adler steht symbolisch f\u00fcr einen neuen Blickwinkel von oben, der uns hilft, ein Gesamtbild zu erhalten. Hast du Stress am Arbeitsplatz? Hast du M\u00fche mit Anforderungen, die an dich gestellt werden? Brauchst du Hilfe bei Bewerbungen oder Vorstellungsgespr\u00e4chen? Brauchst du neue Impulse in Beziehungsfragen und Ver\u00e4nderungsprozessen?<\/p>\n","protected":false},"author":2,"featured_media":0,"parent":0,"menu_order":1,"comment_status":"closed","ping_status":"closed","template":"","meta":{"neve_meta_sidebar":"","neve_meta_container":"","neve_meta_enable_content_width":"","neve_meta_content_width":0,"neve_meta_title_alignment":"center","neve_meta_author_avatar":"","neve_post_elements_order":"","neve_meta_disable_header":"","neve_meta_disable_footer":"","neve_meta_disable_title":"on","footnotes":""},"class_list":["post-763","page","type-page","status-publish","hentry"],"_links":{"self":[{"href":"https:\/\/coachingalex.ch\/index.php?rest_route=\/wp\/v2\/pages\/763","targetHints":{"allow":["GET"]}}],"collection":[{"href":"https:\/\/coachingalex.ch\/index.php?rest_route=\/wp\/v2\/pages"}],"about":[{"href":"https:\/\/coachingalex.ch\/index.php?rest_route=\/wp\/v2\/types\/page"}],"author":[{"embeddable":true,"href":"https:\/\/coachingalex.ch\/index.php?rest_route=\/wp\/v2\/users\/2"}],"replies":[{"embeddable":true,"href":"https:\/\/coachingalex.ch\/index.php?rest_route=%2Fwp%2Fv2%2Fcomments&post=763"}],"version-history":[{"count":35,"href":"https:\/\/coachingalex.ch\/index.php?rest_route=\/wp\/v2\/pages\/763\/revisions"}],"predecessor-version":[{"id":995,"href":"https:\/\/coachingalex.ch\/index.php?rest_route=\/wp\/v2\/pages\/763\/revisions\/995"}],"wp:attachment":[{"href":"https:\/\/coachingalex.ch\/index.php?rest_route=%2Fwp%2Fv2%2Fmedia&parent=763"}],"curies":[{"name":"wp","href":"https:\/\/api.w.org\/{rel}","templated":true}]}}